{"id":169,"date":"2024-11-17T08:52:56","date_gmt":"2024-11-17T01:52:56","guid":{"rendered":"http:\/\/star.youdianstar.com\/?page_id=169"},"modified":"2024-11-17T14:15:58","modified_gmt":"2024-11-17T07:15:58","slug":"%e5%85%b3%e4%ba%8e%e6%88%91%e4%bb%ac","status":"publish","type":"page","link":"https:\/\/www.youdianstar.com\/index.php\/%e5%85%b3%e4%ba%8e%e6%88%91%e4%bb%ac\/","title":{"rendered":"Gi\u1edbi thi\u1ec7u c\u00f4ng ty"},"content":{"rendered":"\n<p>Youdian Star \u0110\u00e2y l\u00e0 m\u1ed9t doanh nghi\u1ec7p c\u00f4ng ngh\u1ec7 cao t\u1eadp trung v\u00e0o nghi\u00ean c\u1ee9u v\u00e0 ph\u00e1t tri\u1ec3n, thi\u1ebft k\u1ebf, s\u1ea3n xu\u1ea5t v\u00e0 b\u00e1n c\u00e1c b\u1ed9 s\u1ea1c d\u1ef1 ph\u00f2ng d\u00f9ng chung. Ng\u01b0\u1eddi s\u00e1ng l\u1eadp v\u00e0 nh\u00f3m c\u1ee7a \u00f4ng \u0111\u00e3 l\u00e0m vi\u1ec7c trong ng\u00e0nh ng\u00e2n h\u00e0ng \u0111i\u1ec7n d\u00f9ng chung h\u01a1n 8 n\u0103m, tu\u00e2n th\u1ee7 kh\u00e1i ni\u1ec7m c\u1ed1t l\u00f5i l\u00e0 \u201ctheo \u0111u\u1ed5i s\u1ef1 xu\u1ea5t s\u1eafc v\u00e0 ho\u00e0n h\u1ea3o\u201d \u0111\u1ed3ng th\u1eddi d\u1eabn \u0111\u1ea7u ho\u1ea1t \u0111\u1ed9ng nghi\u00ean c\u1ee9u v\u00e0 ph\u00e1t tri\u1ec3n (s\u1ea1c d\u1ef1 ph\u00f2ng d\u00f9ng chung v\u00e0 t\u1ee7 s\u1ea1c d\u00f9ng chung). S\u1edf h\u1eefu t\u1ea5t c\u1ea3 c\u00e1c quy\u1ec1n s\u1edf h\u1eefu tr\u00ed tu\u1ec7. Hi\u1ec7n t\u1ea1i, c\u00f4ng ty c\u00f3 h\u01a1n 60 b\u1eb1ng s\u00e1ng ch\u1ebf ph\u00e1t minh, b\u1eb1ng s\u00e1ng ch\u1ebf gi\u1ea3i ph\u00e1p h\u1eefu \u00edch, b\u1ea3n quy\u1ec1n ph\u1ea7n m\u1ec1m, v.v.<br>S\u1ee9c m\u1ea1nh k\u1ef9 thu\u1eadt to\u00e0n di\u1ec7n c\u1ee7a b\u1eb1ng s\u00e1ng ch\u1ebf, ph\u1ea7n c\u1ee9ng v\u00e0 ph\u1ea7n m\u1ec1m d\u1eabn \u0111\u1ea7u th\u1ecb tr\u01b0\u1eddng v\u00e0 cung c\u1ea5p d\u1ecbch v\u1ee5 cho nhi\u1ec1u doanh nghi\u1ec7p n\u1ed5i ti\u1ebfng trong v\u00e0 ngo\u00e0i n\u01b0\u1edbc.<\/p>\n\n\n\n<figure class=\"wp-block-image size-full\"><img loading=\"lazy\" decoding=\"async\" width=\"790\" height=\"1005\" src=\"http:\/\/star.youdianstar.com\/wp-content\/uploads\/2024\/11\/4.png\" alt=\"\" class=\"wp-image-187\" srcset=\"https:\/\/www.youdianstar.com\/wp-content\/uploads\/2024\/11\/4.png 790w, https:\/\/www.youdianstar.com\/wp-content\/uploads\/2024\/11\/4-236x300.png 236w, https:\/\/www.youdianstar.com\/wp-content\/uploads\/2024\/11\/4-768x977.png 768w\" sizes=\"auto, (max-width: 790px) 100vw, 790px\" \/><\/figure>\n","protected":false},"excerpt":{"rendered":"<p>Youdian Star \u0110\u00e2y l\u00e0 m\u1ed9t doanh nghi\u1ec7p c\u00f4ng ngh\u1ec7 cao t\u1eadp trung v\u00e0o nghi\u00ean c\u1ee9u v\u00e0 ph\u00e1t tri\u1ec3n, thi\u1ebft k\u1ebf, s\u1ea3n xu\u1ea5t v\u00e0 b\u00e1n c\u00e1c b\u1ed9 s\u1ea1c d\u1ef1 ph\u00f2ng d\u00f9ng chung. Ng\u01b0\u1eddi s\u00e1ng l\u1eadp v\u00e0 nh\u00f3m c\u1ee7a \u00f4ng \u0111\u00e3 l\u00e0m vi\u1ec7c trong ng\u00e0nh ng\u00e2n h\u00e0ng \u0111i\u1ec7n d\u00f9ng chung h\u01a1n 8 n\u0103m, tu\u00e2n th\u1ee7 kh\u00e1i ni\u1ec7m [&hellip;]<\/p>\n","protected":false},"author":1,"featured_media":0,"parent":0,"menu_order":0,"comment_status":"closed","ping_status":"closed","template":"","meta":{"footnotes":""},"class_list":["post-169","page","type-page","status-publish","hentry"],"_links":{"self":[{"href":"https:\/\/www.youdianstar.com\/index.php\/wp-json\/wp\/v2\/pages\/169","targetHints":{"allow":["GET"]}}],"collection":[{"href":"https:\/\/www.youdianstar.com\/index.php\/wp-json\/wp\/v2\/pages"}],"about":[{"href":"https:\/\/www.youdianstar.com\/index.php\/wp-json\/wp\/v2\/types\/page"}],"author":[{"embeddable":true,"href":"https:\/\/www.youdianstar.com\/index.php\/wp-json\/wp\/v2\/users\/1"}],"replies":[{"embeddable":true,"href":"https:\/\/www.youdianstar.com\/index.php\/wp-json\/wp\/v2\/comments?post=169"}],"version-history":[{"count":3,"href":"https:\/\/www.youdianstar.com\/index.php\/wp-json\/wp\/v2\/pages\/169\/revisions"}],"predecessor-version":[{"id":188,"href":"https:\/\/www.youdianstar.com\/index.php\/wp-json\/wp\/v2\/pages\/169\/revisions\/188"}],"wp:attachment":[{"href":"https:\/\/www.youdianstar.com\/index.php\/wp-json\/wp\/v2\/media?parent=169"}],"curies":[{"name":"wp","href":"https:\/\/api.w.org\/{rel}","templated":true}]}}